{"id":2043,"date":"2019-04-22T17:08:28","date_gmt":"2019-04-22T17:08:28","guid":{"rendered":"https:\/\/metodoalexandra.es\/obesidad\/?page_id=2043"},"modified":"2019-06-19T10:58:44","modified_gmt":"2019-06-19T10:58:44","slug":"monograficoc","status":"publish","type":"page","link":"https:\/\/metodoalexandra.es\/obesidad\/monograficoc\/","title":{"rendered":"MonograficoC"},"content":{"rendered":"<p>[et_pb_section bb_built=\u00bb1&#8243; admin_label=\u00bbFeature &#8211; Image Left\u00bb _builder_version=\u00bb3.17.6&#8243; custom_margin=\u00bb|||\u00bb custom_padding=\u00bb25px|0px|25px|0px\u00bb animation_style=\u00bbfade\u00bb animation_duration=\u00bb1200ms\u00bb animation_delay=\u00bb200ms\u00bb custom_margin_last_edited=\u00bbon|desktop\u00bb custom_padding_last_edited=\u00bbon|desktop\u00bb custom_padding_phone=\u00bb0px||\u00bb next_background_color=\u00bb#cadaf1&#8243;][et_pb_row use_custom_gutter=\u00bbon\u00bb gutter_width=\u00bb4&#8243; padding_top_2=\u00bb5%\u00bb _builder_version=\u00bb3.0.98&#8243; animation_style=\u00bbfade\u00bb][et_pb_column type=\u00bb1_2&#8243;][et_pb_image src=\u00bbhttps:\/\/metodoalexandra.es\/obesidad\/wp-content\/uploads\/2019\/04\/MetodoAlexandra_MonograficoC.jpg\u00bb _builder_version=\u00bb3.17.6&#8243; box_shadow_style=\u00bbpreset4&#8243; box_shadow_horizontal=\u00bb-80px\u00bb box_shadow_vertical=\u00bb50px\u00bb box_shadow_color=\u00bbrgba(12,12,12,0.03)\u00bb animation_style=\u00bbslide\u00bb animation_direction=\u00bbtop\u00bb animation_delay=\u00bb200ms\u00bb animation_intensity_slide=\u00bb30%\u00bb]<\/p>\n<p><\/p>\n<p>[\/et_pb_image][\/et_pb_column][et_pb_column type=\u00bb1_2&#8243;][et_pb_text admin_label=\u00bbPlanAccion\u00bb _builder_version=\u00bb3.17.6&#8243; text_font_size=\u00bb18px\u00bb text_line_height=\u00bb2.5em\u00bb header_2_font=\u00bbMontserrat|500|||||||\u00bb header_2_text_color=\u00bb#8cb5e2&#8243; header_2_letter_spacing=\u00bb1px\u00bb header_2_line_height=\u00bb1.2em\u00bb header_3_font=\u00bbMontserrat|700||on|||||\u00bb header_3_text_color=\u00bb#4d92cf\u00bb header_3_font_size=\u00bb14px\u00bb header_3_letter_spacing=\u00bb1px\u00bb header_3_line_height=\u00bb2em\u00bb custom_margin=\u00bb30px||15px|\u00bb header_font=\u00bb||||||||\u00bb header_2_font_size_last_edited=\u00bbon|desktop\u00bb header_2_font_size_phone=\u00bb25px\u00bb custom_margin_last_edited=\u00bbon|desktop\u00bb custom_padding_last_edited=\u00bbon|desktop\u00bb custom_margin_phone=\u00bb20px||\u00bb]<\/p>\n<p><strong><span style=\"color: #4d92cf;\">Monogr\u00e1fico C<\/span><\/strong><\/p>\n<h2>CREA TU PLAN DE ACCI\u00d3N PARA ADELGAZAR<\/h2>\n<p>[\/et_pb_text][et_pb_text _builder_version=\u00bb3.17.6&#8243; text_font=\u00bbMontserrat||||||||\u00bb text_text_color=\u00bb#575756&#8243; text_letter_spacing=\u00bb1px\u00bb text_line_height=\u00bb1.6em\u00bb max_width=\u00bb550px\u00bb]<\/p>\n<p><strong><span style=\"color: #4d92cf;\">Cada persona necesita conocer sus propias motivaciones, destrezas y l\u00edmites para trazar un camino eficaz hacia su objetivo personal.<\/span><\/strong><\/p>\n<p>Examinaremos las principales formas de autoenga\u00f1o que se manifiestan en la obesidad y tomaremos consciencia de nuestros bloqueos para adelgazar.<\/p>\n<p>Tenemos que encontrar una motivaci\u00f3n aut\u00e9ntica, elegir nuestros propios objetivos y canalizar los esfuerzos conociendo los recursos disponibles y los puntos d\u00e9biles que podemos reforzar.<\/p>\n<p>Para lograr un cambio definitivo, debemos tomar consciencia de las dificultades que encontraremos durante el proceso y prevenir las posibles situaciones de riesgo.<\/p>\n<p>[\/et_pb_text][\/et_pb_column][\/et_pb_row][\/et_pb_section][et_pb_section bb_built=\u00bb1&#8243; admin_label=\u00bbFeature &#8211; Image Left\u00bb _builder_version=\u00bb3.17.6&#8243; background_color=\u00bb#cadaf1&#8243; custom_margin=\u00bb|||\u00bb custom_padding=\u00bb25px|0px|25px|0px\u00bb animation_style=\u00bbfade\u00bb animation_duration=\u00bb1200px\u00bb animation_delay=\u00bb200px\u00bb prev_background_color=\u00bb#ffffff\u00bb][et_pb_row use_custom_gutter=\u00bbon\u00bb gutter_width=\u00bb4&#8243; padding_top_2=\u00bb5%\u00bb _builder_version=\u00bb3.0.98&#8243; animation_style=\u00bbfade\u00bb][et_pb_column type=\u00bb4_4&#8243;][et_pb_text admin_label=\u00bb\u00fanete\u00bb _builder_version=\u00bb3.17.6&#8243; text_font=\u00bbMontserrat|500||on|||||\u00bb text_text_color=\u00bbrgba(0,0,0,0.25)\u00bb text_orientation=\u00bbcenter\u00bb animation_style=\u00bbfade\u00bb]<\/p>\n<p><span style=\"color: #575756;\">\u00daNETE AHORA<\/span><\/p>\n<p>[\/et_pb_text][et_pb_text admin_label=\u00bbTitle\u00bb _builder_version=\u00bb3.17.6&#8243; header_2_font=\u00bbMontserrat|500|||||||\u00bb header_2_text_align=\u00bbcenter\u00bb header_2_text_color=\u00bb#4d92cf\u00bb header_2_font_size=\u00bb30px\u00bb custom_margin=\u00bb-2%|||\u00bb animation_style=\u00bbfade\u00bb]<\/p>\n<h2>Monogr\u00e1fico C<\/h2>\n<p>[\/et_pb_text][et_pb_text _builder_version=\u00bb3.17.6&#8243; text_font=\u00bbMontserrat|300|||||||\u00bb text_font_size=\u00bb16px\u00bb text_line_height=\u00bb1.8em\u00bb text_orientation=\u00bbcenter\u00bb max_width=\u00bb700px\u00bb module_alignment=\u00bbcenter\u00bb custom_margin=\u00bb-2%||70px|\u00bb animation_style=\u00bbfade\u00bb]<\/p>\n<p><span style=\"color: #575756;\"><strong>Formato del taller: 1 fin de semana<br \/>(9 horas)<\/strong><\/span><br \/><span style=\"color: #575756;\"><strong>Precio: 150\u20ac<\/strong><\/span><\/p>\n<p>[\/et_pb_text][et_pb_button button_url=\u00bbhttps:\/\/metodoalexandra.es\/obesidad\/calendario\/\u00bb button_text=\u00bbInscr\u00edbete\u00bb button_alignment=\u00bbcenter\u00bb _builder_version=\u00bb3.17.6&#8243; custom_button=\u00bbon\u00bb button_text_size=\u00bb16px\u00bb button_text_color=\u00bb#4d92cf\u00bb button_bg_color=\u00bb#ffffff\u00bb button_border_width=\u00bb10px\u00bb button_border_color=\u00bb#ffffff\u00bb button_border_radius=\u00bb100px\u00bb button_letter_spacing=\u00bb1px\u00bb button_font=\u00bb|on||on|\u00bb button_icon=\u00bb%%36%%\u00bb button_icon_color=\u00bb#4d92cf\u00bb button_on_hover=\u00bboff\u00bb custom_margin=\u00bb-2%|||\u00bb animation_style=\u00bbzoom\u00bb animation_intensity_zoom=\u00bb6%\u00bb button_letter_spacing_hover=\u00bb2px\u00bb locked=\u00bboff\u00bb button_text_size__hover_enabled=\u00bboff\u00bb button_text_size__hover=\u00bbnull\u00bb button_one_text_size__hover_enabled=\u00bboff\u00bb button_one_text_size__hover=\u00bbnull\u00bb button_two_text_size__hover_enabled=\u00bboff\u00bb button_two_text_size__hover=\u00bbnull\u00bb button_text_color__hover_enabled=\u00bboff\u00bb button_text_color__hover=\u00bbnull\u00bb button_one_text_color__hover_enabled=\u00bboff\u00bb button_one_text_color__hover=\u00bbnull\u00bb button_two_text_color__hover_enabled=\u00bboff\u00bb button_two_text_color__hover=\u00bbnull\u00bb button_border_width__hover_enabled=\u00bboff\u00bb button_border_width__hover=\u00bbnull\u00bb button_one_border_width__hover_enabled=\u00bboff\u00bb button_one_border_width__hover=\u00bbnull\u00bb button_two_border_width__hover_enabled=\u00bboff\u00bb button_two_border_width__hover=\u00bbnull\u00bb button_border_color__hover_enabled=\u00bboff\u00bb button_border_color__hover=\u00bbnull\u00bb button_one_border_color__hover_enabled=\u00bboff\u00bb button_one_border_color__hover=\u00bbnull\u00bb button_two_border_color__hover_enabled=\u00bboff\u00bb button_two_border_color__hover=\u00bbnull\u00bb button_border_radius__hover_enabled=\u00bboff\u00bb button_border_radius__hover=\u00bbnull\u00bb button_one_border_radius__hover_enabled=\u00bboff\u00bb button_one_border_radius__hover=\u00bbnull\u00bb button_two_border_radius__hover_enabled=\u00bboff\u00bb button_two_border_radius__hover=\u00bbnull\u00bb button_letter_spacing__hover_enabled=\u00bbon\u00bb button_letter_spacing__hover=\u00bb2px\u00bb button_one_letter_spacing__hover_enabled=\u00bboff\u00bb button_one_letter_spacing__hover=\u00bbnull\u00bb button_two_letter_spacing__hover_enabled=\u00bboff\u00bb button_two_letter_spacing__hover=\u00bbnull\u00bb button_bg_color__hover_enabled=\u00bboff\u00bb button_bg_color__hover=\u00bbnull\u00bb button_one_bg_color__hover_enabled=\u00bboff\u00bb button_one_bg_color__hover=\u00bbnull\u00bb button_two_bg_color__hover_enabled=\u00bboff\u00bb button_two_bg_color__hover=\u00bbnull\u00bb]<\/p>\n<p><\/p>\n<p>[\/et_pb_button][\/et_pb_column][\/et_pb_row][\/et_pb_section]<\/p>\n","protected":false},"excerpt":{"rendered":"<p>Monogr\u00e1fico C CREA TU PLAN DE ACCI\u00d3N PARA ADELGAZAR Cada persona necesita conocer sus propias motivaciones, destrezas y l\u00edmites para trazar un camino eficaz hacia su objetivo personal. Examinaremos las principales formas de autoenga\u00f1o que se manifiestan en la obesidad y tomaremos consciencia de nuestros bloqueos para adelgazar. Tenemos que encontrar una motivaci\u00f3n aut\u00e9ntica, elegir [&hellip;]<\/p>\n","protected":false},"author":1,"featured_media":0,"parent":0,"menu_order":0,"comment_status":"closed","ping_status":"closed","template":"","meta":{"_et_pb_use_builder":"on","_et_pb_old_content":"","_et_gb_content_width":"","footnotes":""},"_links":{"self":[{"href":"https:\/\/metodoalexandra.es\/obesidad\/wp-json\/wp\/v2\/pages\/2043"}],"collection":[{"href":"https:\/\/metodoalexandra.es\/obesidad\/wp-json\/wp\/v2\/pages"}],"about":[{"href":"https:\/\/metodoalexandra.es\/obesidad\/wp-json\/wp\/v2\/types\/page"}],"author":[{"embeddable":true,"href":"https:\/\/metodoalexandra.es\/obesidad\/wp-json\/wp\/v2\/users\/1"}],"replies":[{"embeddable":true,"href":"https:\/\/metodoalexandra.es\/obesidad\/wp-json\/wp\/v2\/comments?post=2043"}],"version-history":[{"count":9,"href":"https:\/\/metodoalexandra.es\/obesidad\/wp-json\/wp\/v2\/pages\/2043\/revisions"}],"predecessor-version":[{"id":2908,"href":"https:\/\/metodoalexandra.es\/obesidad\/wp-json\/wp\/v2\/pages\/2043\/revisions\/2908"}],"wp:attachment":[{"href":"https:\/\/metodoalexandra.es\/obesidad\/wp-json\/wp\/v2\/media?parent=2043"}],"curies":[{"name":"wp","href":"https:\/\/api.w.org\/{rel}","templated":true}]}}