{"id":585,"date":"2018-08-22T18:04:24","date_gmt":"2018-08-22T18:04:24","guid":{"rendered":"https:\/\/metodoalexandra.es\/obesidad\/?page_id=585"},"modified":"2019-06-14T08:28:35","modified_gmt":"2019-06-14T08:28:35","slug":"nota-legal","status":"publish","type":"page","link":"https:\/\/metodoalexandra.es\/obesidad\/nota-legal\/","title":{"rendered":"Nota Legal"},"content":{"rendered":"<p>[et_pb_section fb_built=\u00bb1&#8243; custom_padding_last_edited=\u00bbon|desktop\u00bb admin_label=\u00bbHero\u00bb _builder_version=\u00bb3.17.6&#8243; background_color=\u00bb#ffffff\u00bb background_image=\u00bbhttps:\/\/metodoalexandra.es\/obesidad\/wp-content\/uploads\/2019\/05\/cabeceraBlog_MetodoAlexandra-1024x256_op2.jpg\u00bb background_blend=\u00bbmultiply\u00bb custom_margin_phone=\u00bb0px||0px\u00bb custom_margin_last_edited=\u00bbon|desktop\u00bb custom_padding=\u00bb13px|0px|92px|0px|false|false\u00bb custom_padding_phone=\u00bb10px||0px\u00bb animation_style=\u00bbzoom\u00bb animation_intensity_zoom=\u00bb4%\u00bb][et_pb_row custom_padding=\u00bb50px|0px|0|0px|false|false\u00bb bg_img_2=\u00bbhttps:\/\/metodoalexandra.es\/obesidad\/wp-content\/uploads\/2018\/08\/business-13.jpg\u00bb parallax_2=\u00bbon\u00bb _builder_version=\u00bb3.17.6&#8243; background_size=\u00bbinitial\u00bb background_position=\u00bbtop_left\u00bb background_repeat=\u00bbrepeat\u00bb background_blend=\u00bbmultiply\u00bb animation_style=\u00bbslide\u00bb animation_direction=\u00bbtop\u00bb animation_intensity_slide=\u00bb3%\u00bb][et_pb_column type=\u00bb4_4&#8243; _builder_version=\u00bb3.0.47&#8243; parallax=\u00bboff\u00bb parallax_method=\u00bbon\u00bb][et_pb_text admin_label=\u00bbTexto titulo\u00bb _builder_version=\u00bb3.17.6&#8243; text_letter_spacing=\u00bb2px\u00bb text_line_height=\u00bb1em\u00bb header_font=\u00bbMontserrat|700||on|||||\u00bb header_text_color=\u00bb#ffffff\u00bb header_font_size=\u00bb32px\u00bb header_font_size_phone=\u00bb25px\u00bb header_font_size_last_edited=\u00bbon|phone\u00bb header_letter_spacing_last_edited=\u00bbon|phone\u00bb header_line_height=\u00bb1.1em\u00bb header_line_height_last_edited=\u00bbon|phone\u00bb header_4_letter_spacing=\u00bb3px\u00bb header_4_line_height=\u00bb1.5em\u00bb header_6_font_size_last_edited=\u00bbon|desktop\u00bb header_6_letter_spacing=\u00bb2px\u00bb header_6_letter_spacing_phone=\u00bb1px\u00bb header_6_letter_spacing_last_edited=\u00bbon|desktop\u00bb header_6_line_height=\u00bb1.2em\u00bb header_6_line_height_last_edited=\u00bbon|desktop\u00bb background_layout=\u00bbdark\u00bb max_width=\u00bb90%\u00bb custom_margin=\u00bb0px|||\u00bb custom_margin_last_edited=\u00bbon|phone\u00bb custom_padding=\u00bb0px||40px|\u00bb animation_style=\u00bbfade\u00bb hover_enabled=\u00bb0&#8243; locked=\u00bboff\u00bb text_font=\u00bb||||||||\u00bb max_width_last_edited=\u00bbon|desktop\u00bb]<\/p>\n<h1><span style=\"color: #ffffff;\">pol\u00edtica de privacidad y de cookies<\/span><\/h1>\n<h6><strong><span style=\"color: #ffffff;\">ASPECTOS LEGALES<\/span><\/strong><\/h6>\n<p>[\/et_pb_text][\/et_pb_column][\/et_pb_row][\/et_pb_section][et_pb_section fb_built=\u00bb1&#8243; _builder_version=\u00bb3.0.47&#8243; custom_padding=\u00bb7px|0px|54px|0px|false|false\u00bb][et_pb_row _builder_version=\u00bb3.0.48&#8243; background_size=\u00bbinitial\u00bb background_position=\u00bbtop_left\u00bb background_repeat=\u00bbrepeat\u00bb custom_padding=\u00bb45px|0px|27px|0px|false|false\u00bb][et_pb_column type=\u00bb4_4&#8243; _builder_version=\u00bb3.0.47&#8243; parallax=\u00bboff\u00bb parallax_method=\u00bbon\u00bb][et_pb_text admin_label=\u00bbTexto pol\u00edtica de privacidad y de cookies\u00bb _builder_version=\u00bb3.17.6&#8243; text_font=\u00bb|300|||||||\u00bb]<\/p>\n<p>M\u00e9todo Alexandra\u00a9, con domicilio fiscal en c\/\u00a0Jaime el Conquistador 31, 28045 Madrid, dirigido por Sandra Falg\u00e1s Fuster, es titular del sitio web ubicado en el dominio\u00a0<strong><a href=\"https:\/\/metodoalexandra.es\/obesidad\/\">https:\/\/metodoalexandra.es\/obesidad<\/a>.<\/strong><\/p>\n<p>M\u00e9todo Alexandra\u00a9 es un nombre comercial registrado en la Oficina Espa\u00f1ola de Patentes y Marcas (OEPM) con n\u00famero de expediente\u00a0N\u00ba 3.666.713.\u00a0Concesi\u00f3n de registro: 18 de octubre de 2017.<\/p>\n<h3>\u00a0<\/h3>\n<h3>Pol\u00edtica de privacidad<\/h3>\n<p><b>Informaci\u00f3n general<\/b><\/p>\n<p>La pol\u00edtica de privacidad que se describe a continuaci\u00f3n s\u00f3lo es aplicable al presente sitio web, entendiendo como tal todas las p\u00e1ginas y subp\u00e1ginas incluidas en el dominio <a href=\"https:\/\/metodoalexandra.es\/obesidad\/\">www.metodoalexandra.es<\/a>\u00a0declinando cualquier responsabilidad sobre las diferentes pol\u00edticas de privacidad y protecci\u00f3n de datos de car\u00e1cter personal que puedan contener los sitios web a los cuales pueda accederse a trav\u00e9s de los hiperv\u00ednculos ubicados en este sitio web y no gestionados directamente por M\u00e9todo Alexandra\u00a9<\/p>\n<p>M\u00e9todo Alexandra\u00a9 desea poner en conocimiento de los usuarios de este sitio web que la presente declaraci\u00f3n refleja la pol\u00edtica en materia de protecci\u00f3n de datos que sigue\u00a0<a href=\"https:\/\/metodoalexandra.es\/obesidad\/\">www.metodoalexandra.es<\/a>. Esta pol\u00edtica se ha configurado respetando escrupulosamente la normativa vigente en materia de protecci\u00f3n de datos personales, entre otras,\u00a0<strong>la nueva Ley del RGPD<\/strong>, la Ley Org\u00e1nica 15\/1999, de 13 de diciembre, de Protecci\u00f3n de Datos de Car\u00e1cter Personal (en adelante LOPD) y el Real Decreto 994\/1999, de 11 de junio, que aprueba el Reglamento de Medidas de Seguridad de los ficheros automatizados que contengan datos de car\u00e1cter personal (en adelante Reglamento 994\/1999).<\/p>\n<p><b>Recogida de datos de car\u00e1cter personal<\/b><\/p>\n<p>M\u00e9todo Alexandra\u00a9\u00a0 no recaba voluntariamente datos de car\u00e1cter personal de los usuarios de este sitio web. Los \u00fanicos datos que se solicitan de los usuarios son aquellos que el usuario proporciona de forma voluntaria a trav\u00e9s de los diferentes formularios del sitio web. En consecuencia, M\u00e9todo Alexandra\u00a9 solo dispondr\u00e1 de datos personales de aquellos usuarios que voluntariamente quieran proporcion\u00e1rselos.<\/p>\n<p>Dichos datos proporcionados voluntariamente por el usuario podr\u00e1n ser incorporados a un fichero automatizado, registrado ante la Agencia Espa\u00f1ola de Protecci\u00f3n de Datos, bajo la titularidad de Sandra Falg\u00e1s Fuster, en calidad de directora de M\u00e9todo Alexandra\u00a9. Por lo tanto, el usuario que voluntariamente proporcione a M\u00e9todo Alexandra\u00a9 sus datos personales, acepta expresamente el tratamiento de los mismos, con la finalidad de gestionar su condici\u00f3n de usuario registrado de los servicio de soporte de M\u00e9todo Alexandra\u00a9 o para el env\u00edo de comunicaciones a trav\u00e9s de correo electr\u00f3nico y redes sociales. En cualquier caso, los datos recogidos ser\u00e1n tratados siempre respetando la normativa vigente en materia de protecci\u00f3n de datos de car\u00e1cter personal.<\/p>\n<p><b>Responsable de los datos<\/b><\/p>\n<p>La responsable \u00fanica de la gesti\u00f3n y custodia de los datos personales es Sandra Falg\u00e1s Fuster, en calidad de directora de M\u00e9todo Alexandra\u00a9<\/p>\n<p><b>Medidas de seguridad<\/b><\/p>\n<p>Los datos personales comunicados por el usuario a M\u00e9todo Alexandra\u00a9 pueden ser almacenados en bases de datos automatizadas o no, cuya titularidad corresponde en exclusiva a Sandra Falg\u00e1s Fuster, en calidad de directora de M\u00e9todo Alexandra\u00a9, asumiendo \u00e9sta todas las medidas de \u00edndole t\u00e9cnica, organizativa y de seguridad que garantizan la confidencialidad, integridad y calidad de la informaci\u00f3n contenida en las mismas de acuerdo con lo establecido en la LOPD y en el Reglamento 994\/1999.<\/p>\n<p>La comunicaci\u00f3n entre los usuarios y M\u00e9todo Alexandra\u00a9 no utiliza un canal seguro, y los datos transmitidos no son cifrados, por lo que se solicita a los usuarios que se abstengan de enviar aquellos datos personales que merezcan la consideraci\u00f3n de datos especialmente protegidos en los t\u00e9rminos del art\u00edculo 7 de la LOPD, ya que las medidas de seguridad aplicables a un canal no seguro lo hacen desaconsejable.<\/p>\n<p><b>Finalidad del tratamiento de los datos<\/b><\/p>\n<p>Los datos de car\u00e1cter personal que sean comunicados voluntariamente por el usuario se destinar\u00e1n \u00fanicamente a la finalidad de ofrecer la informaci\u00f3n requerida por el usuario\u00a0y ser\u00e1n tratados con la m\u00e1s absoluta confidencialidad, destin\u00e1ndose \u00fanicamente a aquellas finalidades para las que fueron recabados y de las que expresamente se informa al usuario en el momento de su recogida en la presente Pol\u00edtica de Privacidad.<\/p>\n<p><b>Cesi\u00f3n de datos<\/b><\/p>\n<p>Los datos de car\u00e1cter personal recogidos a trav\u00e9s de este sitio web no ser\u00e1n objeto de cesi\u00f3n a ning\u00fan otro sujeto ni empresa, salvo en los supuestos casos concretos en que dicha cesi\u00f3n se encuentre amparada por la LOPD.<\/p>\n<p>El usuario que voluntariamente comunique sus datos a M\u00e9todo Alexandra\u00a9 a trav\u00e9s de este sitio web consiente expresamente la utilizaci\u00f3n de dichos datos personales para el env\u00edo de informaci\u00f3n comercial por v\u00eda electr\u00f3nica o mediante redes sociales de los productos y servicios comercializados por M\u00e9todo Alexandra\u00a9 en estricto cumplimiento de lo dispuesto en la legislaci\u00f3n vigente en materia de servicios de la sociedad de la informaci\u00f3n, en lo que a comunicaciones comerciales se refiere, salvo que manifieste su oposici\u00f3n.<\/p>\n<p><b>Calidad de los datos: derechos de acceso, oposici\u00f3n, rectificaci\u00f3n y cancelaci\u00f3n.<\/b><\/p>\n<p>M\u00e9todo Alexandra\u00a9 se compromete a mantener, en todo momento, los datos personales que voluntariamente le hayan proporcionado los usuarios de este sitio web, actualizados, de manera que respondan de forma veraz\u00a0a la identidad y caracter\u00edsticas personales de dichos usuarios. Por ello, cualquier usuario puede en cualquier momento ejercer el derecho a acceder, rectificar y, en su caso, cancelar sus datos de car\u00e1cter personal suministrados a M\u00e9todo Alexandra\u00a9, mediante comunicaci\u00f3n escrita dirigida a M\u00e9todo Alexandra\u00a9 mediante correo postal a la direcci\u00f3n arriba indicada o correo electr\u00f3nico a\u00a0info@metodoalexandra.es<\/p>\n<h3>\u00a0<\/h3>\n<h3>Pol\u00edtica de cookies<\/h3>\n<p><b>Qu\u00e9 datos personales se recogen<\/b><\/p>\n<p>Todas nuestras actividades est\u00e1n basadas en estrictos principios \u00e9ticos y nos comprometemos a proteger la privacidad de todos los visitantes de nuestro sitio web. Por este motivo, la forma en que recogemos y almacenamos informaci\u00f3n depende de c\u00f3mo se utiliza nuestro sitio web y los servicios relacionados.<\/p>\n<p><b>Datos recogidos a trav\u00e9s de su interacci\u00f3n con nosotros<\/b><\/p>\n<p>En nuestros sitios web se utilizan varias tecnolog\u00edas para mejorarlos, hacerlos m\u00e1s f\u00e1ciles de usar, m\u00e1s eficaces y seguros. Estas tecnolog\u00edas pueden conllevar la recogida autom\u00e1tica de datos, tanto por nosotros como por terceros en nuestro nombre. Ejemplos de este tipo de tecnolog\u00edas son cookies, flash cookies y anal\u00edticas web.<\/p>\n<p><b>Datos de navegaci\u00f3n<\/b><\/p>\n<p>Una visita a <a href=\"https:\/\/metodoalexandra.es\/obesidad\/\">www.metodoalexandra.es<\/a>\u00a0hace que se env\u00eden datos desde su navegador a nuestro servidor. Estos datos permiten optimizar nuestros servicios y mejorar su experiencia en nuestros sitios web. Los datos son recogidos y almacenados autom\u00e1ticamente por nosotros o por terceros en nuestro nombre. Estos datos pueden incluir: la direcci\u00f3n IP del visitante, la fecha y la hora de la visita, la URL de referencia, las p\u00e1ginas visitadas en nuestro sitio web, datos sobre el navegador utilizado (tipo y versi\u00f3n del navegador, sistema operativo, etc.).<\/p>\n<p><b>Qu\u00e9 son\u00a0las cookies<\/b><\/p>\n<p>Una cookie es un fichero que se descarga en el\u00a0ordenador del usuario al acceder a determinadas p\u00e1ginas web. Las cookies permiten a una p\u00e1gina web, entre otras cosas, almacenar y recuperar informaci\u00f3n sobre los h\u00e1bitos de navegaci\u00f3n de un usuario o de su equipo y, dependiendo de la informaci\u00f3n que contengan y de la forma en que utilice su equipo, pueden utilizarse para reconocer al usuario. El navegador del usuario memoriza cookies en el disco duro solamente durante la sesi\u00f3n actual ocupando un espacio de memoria m\u00ednimo y no perjudicando al ordenador. Las cookies no contienen ninguna clase de informaci\u00f3n personal espec\u00edfica, y la mayor\u00eda de las mismas se borran del disco duro al finalizar la sesi\u00f3n de navegador (las denominadas cookies de sesi\u00f3n).<\/p>\n<p>La mayor\u00eda de los navegadores aceptan como est\u00e1ndar las cookies y, con independencia de las mismas, permiten o impiden en los ajustes de seguridad las cookies temporales o memorizadas.<\/p>\n<p><b>Cookies de an\u00e1lisis:\u00a0<\/b>Son aqu\u00e9llas que bien tratadas por nosotros o por terceros, nos permiten cuantificar el n\u00famero de usuarios y as\u00ed realizar la medici\u00f3n y an\u00e1lisis estad\u00edstico de la utilizaci\u00f3n que hacen los usuarios del servicio ofertado. Para ello se analiza su navegaci\u00f3n en nuestra p\u00e1gina web con el fin de mejorar la oferta de productos o servicios que le ofrecemos.<\/p>\n<p><b>Cookies de terceros:\u00a0<\/b>La web de M\u00e9todo Alexandra\u00a9 puede utilizar servicios de terceros que, por cuenta de M\u00e9todo Alexandra\u00a9, recopilaran informaci\u00f3n con fines estad\u00edsticos, de uso del sitio por parte del usuario y para la prestaci\u00f3n de otros servicios relacionados con la actividad del website y otros servicios de internet.<\/p>\n<p>En particular, este sitio web utiliza Google Analytics, un servicio anal\u00edtico de web prestado por Google, Inc. con domicilio en los Estados Unidos con sede central en 1600 Amphitheatre Parkway, Mountain View, California 94043. Para la prestaci\u00f3n de estos servicios, estos utilizan cookies que recopilan la informaci\u00f3n, incluida la direcci\u00f3n IP del usuario, que ser\u00e1 transmitida, tratada y almacenada por Google en los t\u00e9rminos fijados en la web Google.com. Incluyendo la posible transmisi\u00f3n de dicha informaci\u00f3n a terceros por razones de exigencia legal o cuando dichos terceros procesen la informaci\u00f3n por cuenta de Google.<\/p>\n<p>El usuario acepta expresamente, por la utilizaci\u00f3n de este sitio web, el tratamiento de la informaci\u00f3n recabada en la forma y con los fines anteriormente mencionados. Y asimismo reconoce conocer la posibilidad de rechazar el tratamiento de tales datos o informaci\u00f3n rechazando el uso de cookies mediante la selecci\u00f3n de la configuraci\u00f3n apropiada a tal fin en su navegador. Si bien esta opci\u00f3n de bloqueo de cookies en su navegador puede no permitirle el uso pleno de todas las funcionalidades de este sitio web.<\/p>\n<p>El usuario\u00a0puede permitir, bloquear o eliminar las cookies instaladas en su equipo mediante la configuraci\u00f3n de las opciones del navegador instalado en su ordenador.<\/p>\n<h3>\u00a0<\/h3>\n<h3>Propiedad intelectual e industrial<\/h3>\n<p>M\u00e9todo Alexandra\u00a9, a trav\u00e9s de su directora, Sandra Falg\u00e1s Fuster, es titular de todos los derechos de propiedad intelectual e industrial de su p\u00e1gina web (<a href=\"https:\/\/metodoalexandra.es\/obesidad\/\">www.metodoalexandra.es<\/a>), as\u00ed como de los elementos contenidos en la misma (a t\u00edtulo enunciativo, im\u00e1genes, sonido, audio, v\u00eddeo, software o textos; marcas o logotipos, combinaciones de colores, estructura y dise\u00f1o, selecci\u00f3n de materiales usados, programas de ordenador necesarios para su funcionamiento, acceso y uso, etc.), titularidad de M\u00e9todo Alexandra\u00a9, a trav\u00e9s de su directora, Sandra Falg\u00e1s Fuster.<\/p>\n<p><b>Todos los derechos reservados<\/b><\/p>\n<p>En virtud de lo dispuesto en los art\u00edculos 8 y 32.1, p\u00e1rrafo segundo, de la Ley de Propiedad Intelectual, quedan expresamente prohibidas la reproducci\u00f3n, la distribuci\u00f3n y la comunicaci\u00f3n p\u00fablica, incluida su modalidad de puesta a disposici\u00f3n, de la totalidad o parte de los contenidos de esta p\u00e1gina web, con fines comerciales, en cualquier soporte y por cualquier medio t\u00e9cnico, sin la autorizaci\u00f3n de M\u00e9todo Alexandra\u00a9, a trav\u00e9s de su directora, Sandra Falg\u00e1s Fuster. El usuario se compromete a respetar los derechos de Propiedad Intelectual e Industrial titularidad de M\u00e9todo Alexandra\u00a9. Podr\u00e1 visualizar los elementos del portal e incluso imprimirlos, copiarlos y almacenarlos en el disco duro de su ordenador o en cualquier otro soporte f\u00edsico siempre y cuando sea, \u00fanica y exclusivamente, para su uso personal y privado. El usuario deber\u00e1 abstenerse de suprimir, alterar, eludir o manipular cualquier dispositivo de protecci\u00f3n o sistema de seguridad que estuviera instalado en las p\u00e1ginas de M\u00e9todo Alexandra\u00a9.<\/p>\n<p>[\/et_pb_text][\/et_pb_column][\/et_pb_row][\/et_pb_section]<\/p>\n","protected":false},"excerpt":{"rendered":"<p>pol\u00edtica de privacidad y de cookiesASPECTOS LEGALES M\u00e9todo Alexandra\u00a9, con domicilio fiscal en c\/\u00a0Jaime el Conquistador 31, 28045 Madrid, dirigido por Sandra Falg\u00e1s Fuster, es titular del sitio web ubicado en el dominio\u00a0https:\/\/metodoalexandra.es\/obesidad. M\u00e9todo Alexandra\u00a9 es un nombre comercial registrado en la Oficina Espa\u00f1ola de Patentes y Marcas (OEPM) con n\u00famero de expediente\u00a0N\u00ba 3.666.713.\u00a0Concesi\u00f3n de [&hellip;]<\/p>\n","protected":false},"author":1,"featured_media":0,"parent":0,"menu_order":0,"comment_status":"closed","ping_status":"closed","template":"","meta":{"_et_pb_use_builder":"on","_et_pb_old_content":"","_et_gb_content_width":"","footnotes":""},"_links":{"self":[{"href":"https:\/\/metodoalexandra.es\/obesidad\/wp-json\/wp\/v2\/pages\/585"}],"collection":[{"href":"https:\/\/metodoalexandra.es\/obesidad\/wp-json\/wp\/v2\/pages"}],"about":[{"href":"https:\/\/metodoalexandra.es\/obesidad\/wp-json\/wp\/v2\/types\/page"}],"author":[{"embeddable":true,"href":"https:\/\/metodoalexandra.es\/obesidad\/wp-json\/wp\/v2\/users\/1"}],"replies":[{"embeddable":true,"href":"https:\/\/metodoalexandra.es\/obesidad\/wp-json\/wp\/v2\/comments?post=585"}],"version-history":[{"count":14,"href":"https:\/\/metodoalexandra.es\/obesidad\/wp-json\/wp\/v2\/pages\/585\/revisions"}],"predecessor-version":[{"id":2783,"href":"https:\/\/metodoalexandra.es\/obesidad\/wp-json\/wp\/v2\/pages\/585\/revisions\/2783"}],"wp:attachment":[{"href":"https:\/\/metodoalexandra.es\/obesidad\/wp-json\/wp\/v2\/media?parent=585"}],"curies":[{"name":"wp","href":"https:\/\/api.w.org\/{rel}","templated":true}]}}