{"id":36,"date":"2018-08-02T18:08:14","date_gmt":"2018-08-02T18:08:14","guid":{"rendered":"https:\/\/metodoalexandra.es\/salud\/?page_id=36"},"modified":"2020-03-16T18:02:01","modified_gmt":"2020-03-16T18:02:01","slug":"autora","status":"publish","type":"page","link":"https:\/\/metodoalexandra.es\/salud\/autora\/","title":{"rendered":"Autora"},"content":{"rendered":"<p>[et_pb_section fb_built=\u00bb1&#8243; custom_padding_last_edited=\u00bbon|desktop\u00bb admin_label=\u00bbHero\u00bb _builder_version=\u00bb4.0.2&#8243; background_color=\u00bb#ffffff\u00bb background_image=\u00bbhttps:\/\/metodoalexandra.es\/salud\/wp-content\/uploads\/2019\/10\/cabeceraSalud_MetodoAlexandra-1024x256_op2.jpg\u00bb background_blend=\u00bbmultiply\u00bb custom_margin_tablet=\u00bb\u00bb custom_margin_phone=\u00bb0px||0px\u00bb custom_margin_last_edited=\u00bbon|desktop\u00bb custom_padding=\u00bb13px|0px|92px|0px|false|false\u00bb custom_padding_tablet=\u00bb\u00bb custom_padding_phone=\u00bb10px||0px\u00bb animation_style=\u00bbzoom\u00bb animation_intensity_zoom=\u00bb4%\u00bb background_last_edited=\u00bbon|tablet\u00bb background_position_tablet=\u00bbcenter_left\u00bb collapsed=\u00bbon\u00bb][et_pb_row _builder_version=\u00bb3.25&#8243; background_size=\u00bbinitial\u00bb background_position=\u00bbtop_left\u00bb background_repeat=\u00bbrepeat\u00bb background_blend=\u00bbmultiply\u00bb custom_padding=\u00bb50px|0px|0|0px|false|false\u00bb animation_style=\u00bbslide\u00bb animation_direction=\u00bbtop\u00bb animation_intensity_slide=\u00bb3%\u00bb][et_pb_column type=\u00bb4_4&#8243; _builder_version=\u00bb3.25&#8243; custom_padding=\u00bb|||\u00bb custom_padding__hover=\u00bb|||\u00bb][et_pb_text _builder_version=\u00bb3.27.4&#8243; text_font_size=\u00bb15px\u00bb text_letter_spacing=\u00bb2px\u00bb text_line_height=\u00bb1em\u00bb header_font=\u00bbMontserrat|700||on|||||\u00bb header_text_color=\u00bb#ffffff\u00bb header_font_size=\u00bb32px\u00bb header_4_letter_spacing=\u00bb3px\u00bb header_4_line_height=\u00bb1.5em\u00bb header_6_letter_spacing=\u00bb2px\u00bb header_6_line_height=\u00bb1.2em\u00bb background_layout=\u00bbdark\u00bb max_width_tablet=\u00bb\u00bb max_width_phone=\u00bb95%\u00bb max_width_last_edited=\u00bbon|phone\u00bb custom_margin=\u00bb0px|||\u00bb custom_margin_tablet=\u00bb\u00bb custom_margin_phone=\u00bb\u00bb custom_margin_last_edited=\u00bbon|phone\u00bb custom_padding=\u00bb0px||40px|\u00bb animation_style=\u00bbfade\u00bb text_letter_spacing_tablet=\u00bb\u00bb text_letter_spacing_phone=\u00bb1px\u00bb text_letter_spacing_last_edited=\u00bbon|desktop\u00bb header_font_size_tablet=\u00bb\u00bb header_font_size_phone=\u00bb25px\u00bb header_font_size_last_edited=\u00bbon|phone\u00bb header_line_height_tablet=\u00bb\u00bb header_line_height_phone=\u00bb1.1em\u00bb header_line_height_last_edited=\u00bbon|phone\u00bb header_6_font_size_tablet=\u00bb\u00bb header_6_font_size_phone=\u00bb\u00bb header_6_font_size_last_edited=\u00bbon|phone\u00bb header_6_letter_spacing_tablet=\u00bb\u00bb header_6_letter_spacing_phone=\u00bb1px\u00bb header_6_letter_spacing_last_edited=\u00bbon|phone\u00bb header_6_line_height_tablet=\u00bb\u00bb header_6_line_height_phone=\u00bb\u00bb header_6_line_height_last_edited=\u00bbon|phone\u00bb locked=\u00bboff\u00bb]<\/p>\n<h1><span style=\"color: #ffffff;\">SANDRA FALG\u00c1S FUSTER<\/span><\/h1>\n<h6><strong><span style=\"color: #ffffff;\">PSIC\u00d3LOGA CL\u00cdNICA: M-21035<\/span><\/strong><\/h6>\n<p>[\/et_pb_text][\/et_pb_column][\/et_pb_row][\/et_pb_section][et_pb_section fb_built=\u00bb1&#8243; admin_label=\u00bbAutora oct 18&#8243; _builder_version=\u00bb4.0.2&#8243; custom_padding=\u00bb0px||0px|\u00bb animation_style=\u00bbfold\u00bb animation_direction=\u00bbbottom\u00bb animation_intensity_fold=\u00bb4%\u00bb collapsed=\u00bbon\u00bb locked=\u00bboff\u00bb disabled_on=\u00bboff|off|off\u00bb][et_pb_row column_structure=\u00bb1_3,2_3&#8243; use_custom_gutter=\u00bbon\u00bb gutter_width=\u00bb1&#8243; make_equal=\u00bbon\u00bb module_class=\u00bb et_pb_row_fullwidth\u00bb _builder_version=\u00bb4.0.2&#8243; background_size=\u00bbinitial\u00bb background_position=\u00bbtop_left\u00bb background_repeat=\u00bbrepeat\u00bb width=\u00bb100%\u00bb width_tablet=\u00bb100%\u00bb width_phone=\u00bb\u00bb width_last_edited=\u00bbon|desktop\u00bb max_width=\u00bb100%\u00bb max_width_tablet=\u00bb100%\u00bb max_width_phone=\u00bb\u00bb max_width_last_edited=\u00bbon|desktop\u00bb custom_margin=\u00bb0px||0px|\u00bb custom_padding=\u00bb0px||0px|\u00bb hover_enabled=\u00bb0&#8243; make_fullwidth=\u00bbon\u00bb][et_pb_column type=\u00bb1_3&#8243; _builder_version=\u00bb4.0.2&#8243; use_background_color_gradient=\u00bbon\u00bb background_image=\u00bbhttps:\/\/metodoalexandra.es\/salud\/wp-content\/uploads\/2019\/05\/autora-metodo-alexandra-2.jpg\u00bb background_position=\u00bbtop_left\u00bb custom_padding=\u00bb|||\u00bb hover_enabled=\u00bb0&#8243; custom_padding__hover=\u00bb|||\u00bb][\/et_pb_column][et_pb_column type=\u00bb2_3&#8243; _builder_version=\u00bb4.0.2&#8243; background_color=\u00bb#f0eff9&#8243; background_position=\u00bbtop_left\u00bb custom_padding=\u00bb8%|6%|8%|6%\u00bb hover_enabled=\u00bb0&#8243; custom_padding__hover=\u00bb|||\u00bb][et_pb_text admin_label=\u00bbautora\u00bb _builder_version=\u00bb4.0.2&#8243; text_font=\u00bb||||||||\u00bb text_font_size=\u00bb15px\u00bb text_line_height=\u00bb1.6em\u00bb header_text_color=\u00bb#8585c0&#8243; hover_enabled=\u00bb0&#8243; content_last_edited=\u00bbon|desktop\u00bb text_text_color=\u00bb#747d88&#8243; custom_margin_last_edited=\u00bbon|tablet\u00bb custom_padding_last_edited=\u00bbon|tablet\u00bb custom_padding_tablet=\u00bb||0px|0px|false|false\u00bb custom_margin_tablet=\u00bb||0px|0px|false|false\u00bb text_font_size_last_edited=\u00bbon|phone\u00bb text_font_last_edited=\u00bbon|phone\u00bb header_font_size_last_edited=\u00bbon|phone\u00bb header_font_size_phone=\u00bb25px\u00bb]<\/p>\n<h1><span>Autora del M\u00e9todo Alexandra<\/span><\/h1>\n<p>Se licenci\u00f3 en <strong>Psicolog\u00eda Cl\u00ednica<\/strong> por la Universidad Complutense de Madrid, complementando su formaci\u00f3n acad\u00e9mica con: <em>PNL y Coaching<\/em> en el Instituto Gestalt de Barcelona; <em>Intervenci\u00f3n<\/em><em> Psicoeducativa<\/em> en la Facultad de Educaci\u00f3n de Madrid (UCM); <em>Medicina Psicosom\u00e1tica y de la Salud<\/em>, en la Sociedad Espa\u00f1ola de Medicina Psicosom\u00e1tica y Psicoterapia; <em>T\u00e9cnicas de Reducci\u00f3n del Estr\u00e9s con Mindfulness<\/em> (U.C.M) y formaci\u00f3n para profesionales sobre <em>Trastornos Alimentarios y Obesidad<\/em> en Buenos Aires. Tambi\u00e9n adquiri\u00f3 conocimientos sobre diversas Terapias Alternativas y Medicina Natural, as\u00ed como de Psicolog\u00eda Humanista y Transpersonal.<\/p>\n<p>Gracias al estudio y a la aplicaci\u00f3n del paradigma de la PNL en su pr\u00e1ctica profesional como psic\u00f3loga cl\u00ednica desde 2009, crea un m\u00e9todo donde utiliza diferentes t\u00e9cnicas dirigidas a incrementar nuestros recursos mentales y emocionales para fomentar la salud; tanto para actualizar los pensamientos condicionados por el pasado, como para desplegar los talentos innatos y promover el aprendizaje de nuevas capacidades para alcanzar nuestros objetivos.<\/p>\n<p><strong>Psic\u00f3loga Cl\u00ednica: M-21035<\/strong><\/p>\n<p>[\/et_pb_text][et_pb_button button_text=\u00bbCONOCE EL M\u00c9TODO\u00bb _builder_version=\u00bb4.0.2&#8243; hover_enabled=\u00bb0&#8243; button_url=\u00bbhttps:\/\/metodoalexandra.es\/salud\/el-metodo\/\u00bb custom_button=\u00bbon\u00bb button_text_color=\u00bb#ffffff\u00bb background_layout=\u00bbdark\u00bb button_text_last_edited=\u00bbon|phone\u00bb button_text_size=\u00bb16px\u00bb button_bg_color=\u00bb#c8c9e7&#8243; button_bg_enable_color=\u00bbon\u00bb button_border_width=\u00bb2px\u00bb button_border_color=\u00bb#c8c9e7&#8243; button_use_icon=\u00bboff\u00bb button_letter_spacing=\u00bb1px\u00bb custom_margin=\u00bb29px||||false|false\u00bb button_alignment=\u00bbcenter\u00bb button_border_radius=\u00bb0px\u00bb button_border_width_last_edited=\u00bbon|desktop\u00bb button_border_width__hover_enabled=\u00bbon|hover\u00bb button_border_color_last_edited=\u00bbon|phone\u00bb button_border_radius_last_edited=\u00bbon|desktop\u00bb button_bg_color_last_edited=\u00bbon|desktop\u00bb button_bg_color__hover_enabled=\u00bbon|hover\u00bb button_bg_color__hover=\u00bb#ffffff\u00bb button_bg_enable_color__hover=\u00bbon\u00bb button_text_color_last_edited=\u00bbon|desktop\u00bb button_text_color__hover_enabled=\u00bbon|desktop\u00bb button_text_color__hover=\u00bb#8585c0&#8243; button_border_color__hover_enabled=\u00bbon|desktop\u00bb button_border_color__hover=\u00bb#c8c9e7&#8243;][\/et_pb_button][\/et_pb_column][\/et_pb_row][\/et_pb_section]<\/p>\n","protected":false},"excerpt":{"rendered":"<p>SANDRA FALG\u00c1S FUSTERPSIC\u00d3LOGA CL\u00cdNICA: M-21035 Autora del M\u00e9todo Alexandra Se licenci\u00f3 en Psicolog\u00eda Cl\u00ednica por la Universidad Complutense de Madrid, complementando su formaci\u00f3n acad\u00e9mica con: PNL y Coaching en el Instituto Gestalt de Barcelona; Intervenci\u00f3n Psicoeducativa en la Facultad de Educaci\u00f3n de Madrid (UCM); Medicina Psicosom\u00e1tica y de la Salud, en la Sociedad Espa\u00f1ola de [&hellip;]<\/p>\n","protected":false},"author":1,"featured_media":0,"parent":0,"menu_order":0,"comment_status":"closed","ping_status":"closed","template":"","meta":{"_et_pb_use_builder":"on","_et_pb_old_content":"Puedes ser un artista que quiere presentarse a s\u00ed mismo y a su trabajo o eres un negocio con una misi\u00f3n que describir.","_et_gb_content_width":"","footnotes":""},"_links":{"self":[{"href":"https:\/\/metodoalexandra.es\/salud\/wp-json\/wp\/v2\/pages\/36"}],"collection":[{"href":"https:\/\/metodoalexandra.es\/salud\/wp-json\/wp\/v2\/pages"}],"about":[{"href":"https:\/\/metodoalexandra.es\/salud\/wp-json\/wp\/v2\/types\/page"}],"author":[{"embeddable":true,"href":"https:\/\/metodoalexandra.es\/salud\/wp-json\/wp\/v2\/users\/1"}],"replies":[{"embeddable":true,"href":"https:\/\/metodoalexandra.es\/salud\/wp-json\/wp\/v2\/comments?post=36"}],"version-history":[{"count":111,"href":"https:\/\/metodoalexandra.es\/salud\/wp-json\/wp\/v2\/pages\/36\/revisions"}],"predecessor-version":[{"id":3821,"href":"https:\/\/metodoalexandra.es\/salud\/wp-json\/wp\/v2\/pages\/36\/revisions\/3821"}],"wp:attachment":[{"href":"https:\/\/metodoalexandra.es\/salud\/wp-json\/wp\/v2\/media?parent=36"}],"curies":[{"name":"wp","href":"https:\/\/api.w.org\/{rel}","templated":true}]}}